{"id":6259,"date":"2025-08-21T06:35:17","date_gmt":"2025-08-21T06:35:17","guid":{"rendered":"https:\/\/luisjorge.com\/home\/?page_id=6259"},"modified":"2025-08-25T06:41:44","modified_gmt":"2025-08-25T06:41:44","slug":"podcasts","status":"publish","type":"page","link":"https:\/\/luisjorge.com\/home\/podcasts\/","title":{"rendered":"Podcasts"},"content":{"rendered":"\t\t<div data-elementor-type=\"wp-page\" data-elementor-id=\"6259\" class=\"elementor elementor-6259\" data-elementor-post-type=\"page\">\n\t\t\t\t<div class=\"elementor-element elementor-element-23e179e e-con-full e-flex e-con e-parent\" data-id=\"23e179e\" data-element_type=\"container\" data-e-type=\"container\">\n\t\t\t\t<div class=\"elementor-element elementor-element-ad9c58f elementor-arrows-position-inside elementor-widget elementor-widget-image-carousel\" data-id=\"ad9c58f\" data-element_type=\"widget\" data-e-type=\"widget\" data-settings=\"{&quot;slides_to_show&quot;:&quot;1&quot;,&quot;navigation&quot;:&quot;arrows&quot;,&quot;autoplay&quot;:&quot;yes&quot;,&quot;pause_on_hover&quot;:&quot;yes&quot;,&quot;pause_on_interaction&quot;:&quot;yes&quot;,&quot;autoplay_speed&quot;:5000,&quot;infinite&quot;:&quot;yes&quot;,&quot;effect&quot;:&quot;slide&quot;,&quot;speed&quot;:500}\" data-widget_type=\"image-carousel.default\">\n\t\t\t\t<div class=\"elementor-widget-container\">\n\t\t\t\t\t\t\t<div class=\"elementor-image-carousel-wrapper swiper\" role=\"region\" aria-roledescription=\"carousel\" aria-label=\"Image Carousel\" dir=\"ltr\">\n\t\t\t<div class=\"elementor-image-carousel swiper-wrapper swiper-image-stretch\" aria-live=\"off\">\n\t\t\t\t\t\t\t\t<div class=\"swiper-slide\" role=\"group\" aria-roledescription=\"slide\" aria-label=\"1 de 1\"><figure class=\"swiper-slide-inner\"><img decoding=\"async\" class=\"swiper-slide-image\" src=\"https:\/\/luisjorge.com\/home\/wp-content\/uploads\/2025\/08\/luis-jorge-podcasts.jpg\" alt=\"luis-jorge-podcasts\" \/><\/figure><\/div>\t\t\t<\/div>\n\t\t\t\t\t<\/div>\n\t\t\t\t\t\t<\/div>\n\t\t\t\t<\/div>\n\t\t\t\t<\/div>\n\t\t<div class=\"elementor-element elementor-element-4aa3ca2 e-flex e-con-boxed e-con e-parent\" data-id=\"4aa3ca2\" data-element_type=\"container\" data-e-type=\"container\">\n\t\t\t\t\t<div class=\"e-con-inner\">\n\t\t\t\t<div class=\"elementor-element elementor-element-ee58dc3 elementor-widget elementor-widget-heading\" data-id=\"ee58dc3\" data-element_type=\"widget\" data-e-type=\"widget\" data-widget_type=\"heading.default\">\n\t\t\t\t<div class=\"elementor-widget-container\">\n\t\t\t\t\t<h2 class=\"elementor-heading-title elementor-size-default\">Ahora con dos podcasts diferentes\n<\/h2>\t\t\t\t<\/div>\n\t\t\t\t<\/div>\n\t\t\t\t<div class=\"elementor-element elementor-element-787d7ed elementor-widget elementor-widget-text-editor\" data-id=\"787d7ed\" data-element_type=\"widget\" data-e-type=\"widget\" data-widget_type=\"text-editor.default\">\n\t\t\t\t<div class=\"elementor-widget-container\">\n\t\t\t\t\t\t\t\t\t<p>Una de las caracter\u00edsticas m\u00e1s importantes que tiene Luis Jorge como consultor o como formador en sus seminarios y eventos, ha sido compartir una gran cantidad de ideas y conceptos a las personas que acuden a escucharlo para mejorar la calidad de sus vidas, sin embargo y parad\u00f3jicamente, para \u00e9l, hablar frente a una c\u00e1mara sin p\u00fablico presente o sin m\u00fasica de fondo, ha sido dif\u00edcil y un fuerte desaf\u00edo.<\/p><p>Si acudiste a alguno de sus eventos, seguramente en algunos momentos te provoc\u00f3 mover dentro de ti emociones profundas, reaccionar a tomar acci\u00f3n y realizar importantes decisiones. Ahora, en estos dos podcast, ha estado aprendiendo a transmitir por este medio cada vez m\u00e1s directo, m\u00e1s conciso y tratando de provocar en cada uno de nosotros lo que siempre ha estado acostumbrado y que lo caracteriza.<\/p><p>Separ\u00f3 en dos versiones sus podcasts, uno dirigido al crecimiento personal y en el otro, todo lo relacionado al mundo de los negocios en donde pocos lo han escuchado hablando de sus modelos, t\u00e9cnicas y procedimientos que ha utilizado exitosamente como consultor por tantos a\u00f1os, entre ellas, la Singularidad Humana\u00a9<\/p>\t\t\t\t\t\t\t\t<\/div>\n\t\t\t\t<\/div>\n\t\t\t\t<div class=\"elementor-element elementor-element-60a0e82 elementor-widget elementor-widget-image\" data-id=\"60a0e82\" data-element_type=\"widget\" data-e-type=\"widget\" data-widget_type=\"image.default\">\n\t\t\t\t<div class=\"elementor-widget-container\">\n\t\t\t\t\t\t\t\t\t\t\t\t\t\t\t<img fetchpriority=\"high\" decoding=\"async\" width=\"1600\" height=\"909\" src=\"https:\/\/luisjorge.com\/home\/wp-content\/uploads\/2025\/08\/luis-jorge-podcats.jpg\" class=\"attachment-full size-full wp-image-6170\" alt=\"\" srcset=\"https:\/\/luisjorge.com\/home\/wp-content\/uploads\/2025\/08\/luis-jorge-podcats.jpg 1600w, https:\/\/luisjorge.com\/home\/wp-content\/uploads\/2025\/08\/luis-jorge-podcats-300x170.jpg 300w, https:\/\/luisjorge.com\/home\/wp-content\/uploads\/2025\/08\/luis-jorge-podcats-1024x582.jpg 1024w, https:\/\/luisjorge.com\/home\/wp-content\/uploads\/2025\/08\/luis-jorge-podcats-768x436.jpg 768w, https:\/\/luisjorge.com\/home\/wp-content\/uploads\/2025\/08\/luis-jorge-podcats-1536x873.jpg 1536w, https:\/\/luisjorge.com\/home\/wp-content\/uploads\/2025\/08\/luis-jorge-podcats-600x341.jpg 600w\" sizes=\"(max-width: 1600px) 100vw, 1600px\" \/>\t\t\t\t\t\t\t\t\t\t\t\t\t\t\t<\/div>\n\t\t\t\t<\/div>\n\t\t\t\t\t<\/div>\n\t\t\t\t<\/div>\n\t\t<div class=\"elementor-element elementor-element-51d8c7b e-con-full e-flex e-con e-parent\" data-id=\"51d8c7b\" data-element_type=\"container\" data-e-type=\"container\" data-settings=\"{&quot;background_background&quot;:&quot;classic&quot;}\">\n\t\t<div class=\"elementor-element elementor-element-7faf7c0 e-con-full e-flex e-con e-child\" data-id=\"7faf7c0\" data-element_type=\"container\" data-e-type=\"container\">\n\t\t\t\t<div class=\"elementor-element elementor-element-53210ac elementor-widget elementor-widget-heading\" data-id=\"53210ac\" data-element_type=\"widget\" data-e-type=\"widget\" data-widget_type=\"heading.default\">\n\t\t\t\t<div class=\"elementor-widget-container\">\n\t\t\t\t\t<h2 class=\"elementor-heading-title elementor-size-default\">DESARROLLO PERSONAL<\/h2>\t\t\t\t<\/div>\n\t\t\t\t<\/div>\n\t\t\t\t<\/div>\n\t\t<div class=\"elementor-element elementor-element-d28848b e-con-full e-flex e-con e-child\" data-id=\"d28848b\" data-element_type=\"container\" data-e-type=\"container\">\n\t\t\t\t<div class=\"elementor-element elementor-element-a3779b8 elementor-widget elementor-widget-image\" data-id=\"a3779b8\" data-element_type=\"widget\" data-e-type=\"widget\" data-widget_type=\"image.default\">\n\t\t\t\t<div class=\"elementor-widget-container\">\n\t\t\t\t\t\t\t\t\t\t\t\t\t\t\t<img decoding=\"async\" width=\"79\" height=\"72\" src=\"https:\/\/luisjorge.com\/home\/wp-content\/uploads\/2025\/03\/Recurso-1-8.png\" class=\"attachment-large size-large wp-image-298\" alt=\"\" \/>\t\t\t\t\t\t\t\t\t\t\t\t\t\t\t<\/div>\n\t\t\t\t<\/div>\n\t\t\t\t<\/div>\n\t\t\t\t<\/div>\n\t\t<div class=\"elementor-element elementor-element-48e809c e-con-full e-flex e-con e-parent\" data-id=\"48e809c\" data-element_type=\"container\" data-e-type=\"container\" data-settings=\"{&quot;background_background&quot;:&quot;classic&quot;}\">\n\t\t<div class=\"elementor-element elementor-element-798cf77 e-flex e-con-boxed e-con e-child\" data-id=\"798cf77\" data-element_type=\"container\" data-e-type=\"container\">\n\t\t\t\t\t<div class=\"e-con-inner\">\n\t\t\t\t<div class=\"elementor-element elementor-element-4bb6ed2 elementor-widget elementor-widget-image\" data-id=\"4bb6ed2\" data-element_type=\"widget\" data-e-type=\"widget\" data-widget_type=\"image.default\">\n\t\t\t\t<div class=\"elementor-widget-container\">\n\t\t\t\t\t\t\t\t\t\t\t\t\t\t\t<img decoding=\"async\" width=\"800\" height=\"780\" src=\"https:\/\/luisjorge.com\/home\/wp-content\/uploads\/2025\/08\/rompiendo-limites.jpg\" class=\"attachment-large size-large wp-image-6171\" alt=\"\" srcset=\"https:\/\/luisjorge.com\/home\/wp-content\/uploads\/2025\/08\/rompiendo-limites.jpg 900w, https:\/\/luisjorge.com\/home\/wp-content\/uploads\/2025\/08\/rompiendo-limites-300x293.jpg 300w, https:\/\/luisjorge.com\/home\/wp-content\/uploads\/2025\/08\/rompiendo-limites-768x749.jpg 768w, https:\/\/luisjorge.com\/home\/wp-content\/uploads\/2025\/08\/rompiendo-limites-600x585.jpg 600w\" sizes=\"(max-width: 800px) 100vw, 800px\" \/>\t\t\t\t\t\t\t\t\t\t\t\t\t\t\t<\/div>\n\t\t\t\t<\/div>\n\t\t\t\t<div class=\"elementor-element elementor-element-819f3db elementor-widget elementor-widget-text-editor\" data-id=\"819f3db\" data-element_type=\"widget\" data-e-type=\"widget\" data-widget_type=\"text-editor.default\">\n\t\t\t\t<div class=\"elementor-widget-container\">\n\t\t\t\t\t\t\t\t\t<p><span style=\"font-family: arial; color: #231f20;\"><b>ROMPIENDO LIMITES\u00ae<\/b><\/span> Un podcast en donde Luis Jorge nos comparte sus conocimientos, aportaciones y herramientas \u2014<em>de esas que ha ense\u00f1ado a lo largo de su vida como entrenador y estratega empresarial<\/em>\u2014 de forma muy sencilla y directa para crecer y evolucionar en el \u00e1mbito personal. En este podcast se tocan temas muy diversos en donde se busca de una u otra forma ese despertar de consciencia que siempre lo ha diferenciado.<\/p>\t\t\t\t\t\t\t\t<\/div>\n\t\t\t\t<\/div>\n\t\t\t\t\t<\/div>\n\t\t\t\t<\/div>\n\t\t\t\t<\/div>\n\t\t<div class=\"elementor-element elementor-element-c914978 e-flex e-con-boxed e-con e-parent\" data-id=\"c914978\" data-element_type=\"container\" data-e-type=\"container\">\n\t\t\t\t\t<div class=\"e-con-inner\">\n\t\t<div class=\"elementor-element elementor-element-c483c7a e-con-full e-flex e-con e-child\" data-id=\"c483c7a\" data-element_type=\"container\" data-e-type=\"container\">\n\t\t\t\t<div class=\"elementor-element elementor-element-218bb72 elementor-widget elementor-widget-image\" data-id=\"218bb72\" data-element_type=\"widget\" data-e-type=\"widget\" data-widget_type=\"image.default\">\n\t\t\t\t<div class=\"elementor-widget-container\">\n\t\t\t\t\t\t\t\t\t\t\t\t\t\t\t\t<a href=\"https:\/\/youtu.be\/Oh5Wovrp1u8?si=M3nrKerkHMR2ztzp\" target=\"_blank\">\n\t\t\t\t\t\t\t<img loading=\"lazy\" decoding=\"async\" width=\"120\" height=\"66\" src=\"https:\/\/luisjorge.com\/home\/wp-content\/uploads\/2025\/08\/youtube.svg\" class=\"attachment-large size-large wp-image-6174\" alt=\"\" \/>\t\t\t\t\t\t\t\t<\/a>\n\t\t\t\t\t\t\t\t\t\t\t\t\t\t\t<\/div>\n\t\t\t\t<\/div>\n\t\t\t\t<\/div>\n\t\t<div class=\"elementor-element elementor-element-be824cd e-con-full e-flex e-con e-child\" data-id=\"be824cd\" data-element_type=\"container\" data-e-type=\"container\">\n\t\t\t\t<div class=\"elementor-element elementor-element-bf90f17 elementor-widget elementor-widget-image\" data-id=\"bf90f17\" data-element_type=\"widget\" data-e-type=\"widget\" data-widget_type=\"image.default\">\n\t\t\t\t<div class=\"elementor-widget-container\">\n\t\t\t\t\t\t\t\t\t\t\t\t\t\t\t\t<a href=\"https:\/\/open.spotify.com\/episode\/6k8uFozJatB2hoRZv2PlY3?si=8Fk0C4OIR6SSSVAOyxCPtQ\" target=\"_blank\">\n\t\t\t\t\t\t\t<img loading=\"lazy\" decoding=\"async\" width=\"120\" height=\"69\" src=\"https:\/\/luisjorge.com\/home\/wp-content\/uploads\/2025\/08\/spotify.svg\" class=\"attachment-large size-large wp-image-6173\" alt=\"\" \/>\t\t\t\t\t\t\t\t<\/a>\n\t\t\t\t\t\t\t\t\t\t\t\t\t\t\t<\/div>\n\t\t\t\t<\/div>\n\t\t\t\t<\/div>\n\t\t\t\t\t<\/div>\n\t\t\t\t<\/div>\n\t\t<div class=\"elementor-element elementor-element-f7c9401 e-con-full e-flex e-con e-parent\" data-id=\"f7c9401\" data-element_type=\"container\" data-e-type=\"container\" data-settings=\"{&quot;background_background&quot;:&quot;classic&quot;}\">\n\t\t<div class=\"elementor-element elementor-element-d1407ff e-con-full e-flex e-con e-child\" data-id=\"d1407ff\" data-element_type=\"container\" data-e-type=\"container\">\n\t\t\t\t<div class=\"elementor-element elementor-element-ca9c7ef elementor-widget elementor-widget-heading\" data-id=\"ca9c7ef\" data-element_type=\"widget\" data-e-type=\"widget\" data-widget_type=\"heading.default\">\n\t\t\t\t<div class=\"elementor-widget-container\">\n\t\t\t\t\t<h2 class=\"elementor-heading-title elementor-size-default\">NEGOCIOS<\/h2>\t\t\t\t<\/div>\n\t\t\t\t<\/div>\n\t\t\t\t<\/div>\n\t\t<div class=\"elementor-element elementor-element-f786fb0 e-con-full e-flex e-con e-child\" data-id=\"f786fb0\" data-element_type=\"container\" data-e-type=\"container\">\n\t\t\t\t<div class=\"elementor-element elementor-element-9da40c0 elementor-widget elementor-widget-image\" data-id=\"9da40c0\" data-element_type=\"widget\" data-e-type=\"widget\" data-widget_type=\"image.default\">\n\t\t\t\t<div class=\"elementor-widget-container\">\n\t\t\t\t\t\t\t\t\t\t\t\t\t\t\t<img decoding=\"async\" width=\"79\" height=\"72\" src=\"https:\/\/luisjorge.com\/home\/wp-content\/uploads\/2025\/03\/Recurso-1-8.png\" class=\"attachment-large size-large wp-image-298\" alt=\"\" \/>\t\t\t\t\t\t\t\t\t\t\t\t\t\t\t<\/div>\n\t\t\t\t<\/div>\n\t\t\t\t<\/div>\n\t\t\t\t<\/div>\n\t\t<div class=\"elementor-element elementor-element-9332c6a e-con-full e-flex e-con e-parent\" data-id=\"9332c6a\" data-element_type=\"container\" data-e-type=\"container\" data-settings=\"{&quot;background_background&quot;:&quot;classic&quot;}\">\n\t\t<div class=\"elementor-element elementor-element-8c21308 e-flex e-con-boxed e-con e-child\" data-id=\"8c21308\" data-element_type=\"container\" data-e-type=\"container\">\n\t\t\t\t\t<div class=\"e-con-inner\">\n\t\t\t\t<div class=\"elementor-element elementor-element-a932035 elementor-widget elementor-widget-image\" data-id=\"a932035\" data-element_type=\"widget\" data-e-type=\"widget\" data-widget_type=\"image.default\">\n\t\t\t\t<div class=\"elementor-widget-container\">\n\t\t\t\t\t\t\t\t\t\t\t\t\t\t\t<img loading=\"lazy\" decoding=\"async\" width=\"800\" height=\"800\" src=\"https:\/\/luisjorge.com\/home\/wp-content\/uploads\/2025\/08\/singularidad-humana.jpg\" class=\"attachment-large size-large wp-image-6172\" alt=\"\" srcset=\"https:\/\/luisjorge.com\/home\/wp-content\/uploads\/2025\/08\/singularidad-humana.jpg 800w, https:\/\/luisjorge.com\/home\/wp-content\/uploads\/2025\/08\/singularidad-humana-300x300.jpg 300w, https:\/\/luisjorge.com\/home\/wp-content\/uploads\/2025\/08\/singularidad-humana-150x150.jpg 150w, https:\/\/luisjorge.com\/home\/wp-content\/uploads\/2025\/08\/singularidad-humana-768x768.jpg 768w, https:\/\/luisjorge.com\/home\/wp-content\/uploads\/2025\/08\/singularidad-humana-600x600.jpg 600w, https:\/\/luisjorge.com\/home\/wp-content\/uploads\/2025\/08\/singularidad-humana-100x100.jpg 100w\" sizes=\"(max-width: 800px) 100vw, 800px\" \/>\t\t\t\t\t\t\t\t\t\t\t\t\t\t\t<\/div>\n\t\t\t\t<\/div>\n\t\t\t\t<div class=\"elementor-element elementor-element-ddaae8d elementor-widget elementor-widget-text-editor\" data-id=\"ddaae8d\" data-element_type=\"widget\" data-e-type=\"widget\" data-widget_type=\"text-editor.default\">\n\t\t\t\t<div class=\"elementor-widget-container\">\n\t\t\t\t\t\t\t\t\t<p><span style=\"font-family: arial; color: #231f20;\"><b>SINGULARIDAD HUMANA\u00a9<\/b><\/span> Un podcasts que trata acerca de este nuevo paradigma que est\u00e1 revolucionando a los negocios y, adem\u00e1s, Luis Jorge comparte una gran cantidad de estrategias in\u00e9ditas que utiliza como consultor para el crecimiento de los negocios.<br \/>Temas como la Sucesi\u00f3n familiar, el c\u00f3mo formar un S\u00faper Equipo, ideas para transformar una Cultura organizacional o simplemente, balancear a tu equipo de trabajo.<\/p>\t\t\t\t\t\t\t\t<\/div>\n\t\t\t\t<\/div>\n\t\t<div class=\"elementor-element elementor-element-afe16f6 e-con-full e-flex e-con e-child\" data-id=\"afe16f6\" data-element_type=\"container\" data-e-type=\"container\">\n\t\t<div class=\"elementor-element elementor-element-6955b1e e-con-full e-flex e-con e-child\" data-id=\"6955b1e\" data-element_type=\"container\" data-e-type=\"container\">\n\t\t\t\t<div class=\"elementor-element elementor-element-a4ad383 elementor-widget elementor-widget-image\" data-id=\"a4ad383\" data-element_type=\"widget\" data-e-type=\"widget\" data-widget_type=\"image.default\">\n\t\t\t\t<div class=\"elementor-widget-container\">\n\t\t\t\t\t\t\t\t\t\t\t\t\t\t\t\t<a href=\"https:\/\/youtu.be\/-qyn1ud2rRw?si=roJmJvrErz6Jg4Wv\" target=\"_blank\">\n\t\t\t\t\t\t\t<img loading=\"lazy\" decoding=\"async\" width=\"120\" height=\"66\" src=\"https:\/\/luisjorge.com\/home\/wp-content\/uploads\/2025\/08\/youtube.svg\" class=\"attachment-large size-large wp-image-6174\" alt=\"\" \/>\t\t\t\t\t\t\t\t<\/a>\n\t\t\t\t\t\t\t\t\t\t\t\t\t\t\t<\/div>\n\t\t\t\t<\/div>\n\t\t\t\t<\/div>\n\t\t<div class=\"elementor-element elementor-element-0a56a93 e-con-full e-flex e-con e-child\" data-id=\"0a56a93\" data-element_type=\"container\" data-e-type=\"container\">\n\t\t\t\t<div class=\"elementor-element elementor-element-4a63bd2 elementor-widget elementor-widget-image\" data-id=\"4a63bd2\" data-element_type=\"widget\" data-e-type=\"widget\" data-widget_type=\"image.default\">\n\t\t\t\t<div class=\"elementor-widget-container\">\n\t\t\t\t\t\t\t\t\t\t\t\t\t\t\t\t<a href=\"https:\/\/open.spotify.com\/episode\/4wCYJ4LC8Uu5UxIEXGACz0?si=U8l8fsKGS8KEo_Haj0OsaA\" target=\"_blank\">\n\t\t\t\t\t\t\t<img loading=\"lazy\" decoding=\"async\" width=\"120\" height=\"69\" src=\"https:\/\/luisjorge.com\/home\/wp-content\/uploads\/2025\/08\/spotify.svg\" class=\"attachment-large size-large wp-image-6173\" alt=\"\" \/>\t\t\t\t\t\t\t\t<\/a>\n\t\t\t\t\t\t\t\t\t\t\t\t\t\t\t<\/div>\n\t\t\t\t<\/div>\n\t\t\t\t<\/div>\n\t\t\t\t<\/div>\n\t\t\t\t\t<\/div>\n\t\t\t\t<\/div>\n\t\t\t\t<\/div>\n\t\t<div class=\"elementor-element elementor-element-f48c534 e-con-full e-flex e-con e-parent\" data-id=\"f48c534\" data-element_type=\"container\" data-e-type=\"container\" data-settings=\"{&quot;background_background&quot;:&quot;classic&quot;}\">\n\t\t\t\t<div class=\"elementor-element elementor-element-45b0c83 elementor-align-center elementor-widget__width-initial elementor-widget elementor-widget-button\" data-id=\"45b0c83\" data-element_type=\"widget\" data-e-type=\"widget\" data-widget_type=\"button.default\">\n\t\t\t\t<div class=\"elementor-widget-container\">\n\t\t\t\t\t\t\t\t\t<div class=\"elementor-button-wrapper\">\n\t\t\t\t\t<a class=\"elementor-button elementor-button-link elementor-size-sm\" href=\"#top\">\n\t\t\t\t\t\t<span class=\"elementor-button-content-wrapper\">\n\t\t\t\t\t\t\t\t\t<span class=\"elementor-button-text\">Regresar a inicio<\/span>\n\t\t\t\t\t<\/span>\n\t\t\t\t\t<\/a>\n\t\t\t\t<\/div>\n\t\t\t\t\t\t\t\t<\/div>\n\t\t\t\t<\/div>\n\t\t\t\t<\/div>\n\t\t\t\t<\/div>\n\t\t","protected":false},"excerpt":{"rendered":"<p>Ahora con dos podcasts diferentes Una de las caracter\u00edsticas m\u00e1s importantes que tiene Luis Jorge como consultor o como formador en sus seminarios y eventos, ha sido compartir una gran cantidad de ideas y conceptos a las personas que acuden a escucharlo para mejorar la calidad de sus vidas, sin embargo y parad\u00f3jicamente, para \u00e9l, [&hellip;]<\/p>\n","protected":false},"author":1,"featured_media":0,"parent":0,"menu_order":0,"comment_status":"closed","ping_status":"closed","template":"elementor_header_footer","meta":{"footnotes":""},"class_list":["post-6259","page","type-page","status-publish","hentry"],"_links":{"self":[{"href":"https:\/\/luisjorge.com\/home\/wp-json\/wp\/v2\/pages\/6259","targetHints":{"allow":["GET"]}}],"collection":[{"href":"https:\/\/luisjorge.com\/home\/wp-json\/wp\/v2\/pages"}],"about":[{"href":"https:\/\/luisjorge.com\/home\/wp-json\/wp\/v2\/types\/page"}],"author":[{"embeddable":true,"href":"https:\/\/luisjorge.com\/home\/wp-json\/wp\/v2\/users\/1"}],"replies":[{"embeddable":true,"href":"https:\/\/luisjorge.com\/home\/wp-json\/wp\/v2\/comments?post=6259"}],"version-history":[{"count":15,"href":"https:\/\/luisjorge.com\/home\/wp-json\/wp\/v2\/pages\/6259\/revisions"}],"predecessor-version":[{"id":6421,"href":"https:\/\/luisjorge.com\/home\/wp-json\/wp\/v2\/pages\/6259\/revisions\/6421"}],"wp:attachment":[{"href":"https:\/\/luisjorge.com\/home\/wp-json\/wp\/v2\/media?parent=6259"}],"curies":[{"name":"wp","href":"https:\/\/api.w.org\/{rel}","templated":true}]}}