{"id":3599,"date":"2025-05-26T00:15:39","date_gmt":"2025-05-26T00:15:39","guid":{"rendered":"https:\/\/luisjorge.com\/home\/?post_type=product&#038;p=3599"},"modified":"2025-09-29T03:44:20","modified_gmt":"2025-09-29T03:44:20","slug":"curso-neuro-master-golf","status":"publish","type":"product","link":"https:\/\/luisjorge.com\/home\/producto\/curso-neuro-master-golf\/","title":{"rendered":"Curso Neuro Master Golf"},"content":{"rendered":"<p class=\"p1\"><span class=\"s1\"><b>Neuro Master Golf<\/b><\/span> es un innovador programa de entrenamiento dise\u00f1ado por el ingeniero Luis Jorge Mart\u00ednez, que combina t\u00e9cnicas de neuroingenier\u00eda y psicoingenier\u00eda para mejorar el rendimiento mental y la precisi\u00f3n en el golf. M\u00e1s que una simple cl\u00ednica o seminario, este curso ofrece una experiencia pr\u00e1ctica enfocada en el manejo mental y la toma de decisiones estrat\u00e9gicas en el campo de golf. A trav\u00e9s de herramientas y din\u00e1micas desarrolladas por Luis Jorge en m\u00e1s de 2,400 eventos, los participantes aprenden a potenciar su concentraci\u00f3n, controlar sus emociones y optimizar su desempe\u00f1o en cada golpe.<\/p>\n","protected":false},"excerpt":{"rendered":"<p>Neuro Master Golf es un innovador programa de entrenamiento dise\u00f1ado por el ingeniero Luis Jorge Mart\u00ednez, que combina t\u00e9cnicas de neuroingenier\u00eda y psicoingenier\u00eda para mejorar el rendimiento mental y la precisi\u00f3n en el golf. M\u00e1s que una simple cl\u00ednica o seminario, este curso ofrece una experiencia pr\u00e1ctica enfocada en el manejo mental y la toma [&hellip;]<\/p>\n","protected":false},"featured_media":3072,"comment_status":"open","ping_status":"closed","template":"","meta":[],"product_brand":[],"product_cat":[35],"product_tag":[],"class_list":{"0":"post-3599","1":"product","2":"type-product","3":"status-publish","4":"has-post-thumbnail","6":"product_cat-sin-categorizar","8":"first","9":"instock","10":"downloadable","11":"virtual","12":"purchasable","13":"product-type-simple"},"_links":{"self":[{"href":"https:\/\/luisjorge.com\/home\/wp-json\/wp\/v2\/product\/3599","targetHints":{"allow":["GET"]}}],"collection":[{"href":"https:\/\/luisjorge.com\/home\/wp-json\/wp\/v2\/product"}],"about":[{"href":"https:\/\/luisjorge.com\/home\/wp-json\/wp\/v2\/types\/product"}],"replies":[{"embeddable":true,"href":"https:\/\/luisjorge.com\/home\/wp-json\/wp\/v2\/comments?post=3599"}],"wp:featuredmedia":[{"embeddable":true,"href":"https:\/\/luisjorge.com\/home\/wp-json\/wp\/v2\/media\/3072"}],"wp:attachment":[{"href":"https:\/\/luisjorge.com\/home\/wp-json\/wp\/v2\/media?parent=3599"}],"wp:term":[{"taxonomy":"product_brand","embeddable":true,"href":"https:\/\/luisjorge.com\/home\/wp-json\/wp\/v2\/product_brand?post=3599"},{"taxonomy":"product_cat","embeddable":true,"href":"https:\/\/luisjorge.com\/home\/wp-json\/wp\/v2\/product_cat?post=3599"},{"taxonomy":"product_tag","embeddable":true,"href":"https:\/\/luisjorge.com\/home\/wp-json\/wp\/v2\/product_tag?post=3599"}],"curies":[{"name":"wp","href":"https:\/\/api.w.org\/{rel}","templated":true}]}}